{"id":2,"date":"2020-09-03T23:51:21","date_gmt":"2020-09-03T23:51:21","guid":{"rendered":"https:\/\/www.carnicentro.com\/?page_id=2"},"modified":"2023-10-16T18:46:23","modified_gmt":"2023-10-16T18:46:23","slug":"formas-de-pago","status":"publish","type":"page","link":"https:\/\/www.adaiajoyeria.com\/?page_id=2","title":{"rendered":"Formas de Pago"},"content":{"rendered":"\t\t<div data-elementor-type=\"wp-page\" data-elementor-id=\"2\" class=\"elementor elementor-2\" data-elementor-post-type=\"page\">\n\t\t\t\t\t\t\t\t\t<section class=\"elementor-section elementor-top-section elementor-element elementor-element-1c486d29 elementor-section-boxed elementor-section-height-default elementor-section-height-default\" data-id=\"1c486d29\" data-element_type=\"section\" data-settings=\"{&quot;background_background&quot;:&quot;gradient&quot;}\">\n\t\t\t\t\t\t<div class=\"elementor-container elementor-column-gap-default\">\n\t\t\t\t\t<div class=\"elementor-column elementor-col-100 elementor-top-column elementor-element elementor-element-16b82370\" data-id=\"16b82370\" data-element_type=\"column\">\n\t\t\t<div class=\"elementor-widget-wrap elementor-element-populated\">\n\t\t\t\t\t\t\t\t<div class=\"elementor-element elementor-element-2c23e252 elementor-widget elementor-widget-text-editor\" data-id=\"2c23e252\" data-element_type=\"widget\" data-widget_type=\"text-editor.default\">\n\t\t\t\t<div class=\"elementor-widget-container\">\n\t\t\t\t\t\t\t<p style=\"text-align: left;\"><span style=\"font-size: 15px; color: #707070;\">\u00a0 Para realizar y confirmar tu compra a trav\u00e9s de nuestra tienda online, debe enviarnos un email a <a href=\"mailto:ventas@adaiajoyeria.com.pe\"><strong>ventas@adaiajoyeria.com.pe<\/strong> <\/a><\/span><span style=\"font-size: 15px; color: #707070;\">o escribirnos al whatsapp\u00a0<\/span><b><a href=\"https:\/\/wa.me\/51902433435\"><span style=\"color: #00ff00;\">+51 902 433 435<\/span><\/a><\/b>\u00a0 \u00a0indicando los siguientes datos:\u00a0<\/p><ul><li>Nombre<\/li><li>Direcci\u00f3n<\/li><li>Tel\u00e9fonos<\/li><li>Detalles de Pedido<\/li><\/ul><p>Una vez enviados estos datos comunicarse a cualquiera de los siguientes tel\u00e9fonos:<\/p><h4><b>Telf.:\u00a0 902 433 435<\/b> \/\u00a0<strong>945 129 158<\/strong><\/h4><p>Tambi\u00e9n puede escribi<span style=\"font-size: 15px;\">rnos en el<a href=\"https:\/\/www.adaiajoyeria.com\/contacto\/\">\u00a0<\/a><\/span><strong style=\"font-size: 15px;\">formulario<\/strong><span style=\"font-size: 15px;\"><b>\u00a0de contacto<\/b>.\u00a0<\/span><span style=\"font-size: 15px;\">Para\u00a0<\/span><strong style=\"font-size: 15px;\">concretar tu pedido<\/strong><span style=\"font-size: 15px;\">\u00a0nos realiza un dep\u00f3sito o transferencia a los siguientes n\u00fameros de cuentas:<\/span><\/p><ul><li>N\u00famero de cuenta de ahorros <strong>BCP :\u00a0<\/strong><b>19193517224040<\/b><\/li><li>Cuenta Interbancaria<b> &#8211;\u00a0<span style=\"font-size: 15px; font-style: normal; font-weight: bold;\">BCP :\u00a0<\/span>00219119351722404056<\/b><\/li><li>N\u00famero de cuenta de ahorros <strong style=\"font-size: 15px;\">BBVA :\u00a0<\/strong><b>0011-0814-0239797313<\/b><\/li><li>Cuenta Interbancaria<span style=\"font-size: 15px; font-weight: bold;\">\u00a0&#8211;\u00a0<span style=\"font-size: 15px; font-style: normal; font-weight: bold;\">BBVA :\u00a0<\/span><\/span><b>011-814-000239797313-18<\/b><\/li><li>Nombre del Titular: Diego Jos\u00e9 Mariano Canchari Tirado\u00a0 <b>(Telf.:+51 902 433 435)<\/b><\/li><\/ul><p>Comunicar v\u00eda e<span style=\"font-size: 15px;\">ma<\/span><span style=\"font-size: 15px;\">il <a href=\"mailto:ventas@adaiajoyeria.com.pe\"><span style=\"font-size: 15px; color: #707070;\">ventas@adaiajoyeria.com.pe<\/span><\/a> o llamar a los tel\u00e9fonos <\/span><strong style=\"font-size: 15px;\">indicando<\/strong><span style=\"font-size: 15px;\">\u00a0la operaci\u00f3n realizada:<\/span><\/p>\t\t\t\t\t\t<\/div>\n\t\t\t\t<\/div>\n\t\t\t\t<section class=\"elementor-section elementor-inner-section elementor-element elementor-element-24ce5ce elementor-section-boxed elementor-section-height-default elementor-section-height-default\" data-id=\"24ce5ce\" data-element_type=\"section\">\n\t\t\t\t\t\t<div class=\"elementor-container elementor-column-gap-default\">\n\t\t\t\t\t<div class=\"elementor-column elementor-col-33 elementor-inner-column elementor-element elementor-element-10a75a8\" data-id=\"10a75a8\" data-element_type=\"column\">\n\t\t\t<div class=\"elementor-widget-wrap elementor-element-populated\">\n\t\t\t\t\t\t\t\t<div class=\"elementor-element elementor-element-ae8b0c6 elementor-widget__width-initial elementor-widget elementor-widget-image\" data-id=\"ae8b0c6\" data-element_type=\"widget\" data-widget_type=\"image.default\">\n\t\t\t\t<div class=\"elementor-widget-container\">\n\t\t\t\t\t\t\t\t\t\t\t\t\t\t\t<img loading=\"lazy\" decoding=\"async\" width=\"264\" height=\"300\" src=\"https:\/\/www.adaiajoyeria.com\/wp-content\/uploads\/2023\/09\/IMG-20230912-WA0077-e1697481424754-264x300.jpg\" class=\"attachment-medium size-medium wp-image-1475\" alt=\"\" srcset=\"https:\/\/www.adaiajoyeria.com\/wp-content\/uploads\/2023\/09\/IMG-20230912-WA0077-e1697481424754-264x300.jpg 264w, https:\/\/www.adaiajoyeria.com\/wp-content\/uploads\/2023\/09\/IMG-20230912-WA0077-e1697481424754-600x681.jpg 600w, https:\/\/www.adaiajoyeria.com\/wp-content\/uploads\/2023\/09\/IMG-20230912-WA0077-e1697481424754.jpg 695w\" sizes=\"(max-width: 264px) 100vw, 264px\" \/>\t\t\t\t\t\t\t\t\t\t\t\t\t\t\t<\/div>\n\t\t\t\t<\/div>\n\t\t\t\t\t<\/div>\n\t\t<\/div>\n\t\t\t\t<div class=\"elementor-column elementor-col-33 elementor-inner-column elementor-element elementor-element-8a66477\" data-id=\"8a66477\" data-element_type=\"column\">\n\t\t\t<div class=\"elementor-widget-wrap elementor-element-populated\">\n\t\t\t\t\t\t\t\t<div class=\"elementor-element elementor-element-8effd83 elementor-widget elementor-widget-image\" data-id=\"8effd83\" data-element_type=\"widget\" data-widget_type=\"image.default\">\n\t\t\t\t<div class=\"elementor-widget-container\">\n\t\t\t\t\t\t\t\t\t\t\t\t\t\t\t<img loading=\"lazy\" decoding=\"async\" width=\"986\" height=\"1024\" src=\"https:\/\/www.adaiajoyeria.com\/wp-content\/uploads\/2023\/09\/IMG-20230912-WA0078.jpg\" class=\"attachment-large size-large wp-image-1476\" alt=\"\" srcset=\"https:\/\/www.adaiajoyeria.com\/wp-content\/uploads\/2023\/09\/IMG-20230912-WA0078.jpg 986w, https:\/\/www.adaiajoyeria.com\/wp-content\/uploads\/2023\/09\/IMG-20230912-WA0078-289x300.jpg 289w, https:\/\/www.adaiajoyeria.com\/wp-content\/uploads\/2023\/09\/IMG-20230912-WA0078-768x798.jpg 768w\" sizes=\"(max-width: 986px) 100vw, 986px\" \/>\t\t\t\t\t\t\t\t\t\t\t\t\t\t\t<\/div>\n\t\t\t\t<\/div>\n\t\t\t\t\t<\/div>\n\t\t<\/div>\n\t\t\t\t<div class=\"elementor-column elementor-col-33 elementor-inner-column elementor-element elementor-element-fa3da54\" data-id=\"fa3da54\" data-element_type=\"column\">\n\t\t\t<div class=\"elementor-widget-wrap elementor-element-populated\">\n\t\t\t\t\t\t\t\t<div class=\"elementor-element elementor-element-5fb3252 elementor-widget elementor-widget-image\" data-id=\"5fb3252\" data-element_type=\"widget\" data-widget_type=\"image.default\">\n\t\t\t\t<div class=\"elementor-widget-container\">\n\t\t\t\t\t\t\t\t\t\t\t\t\t\t\t<img loading=\"lazy\" decoding=\"async\" width=\"960\" height=\"960\" src=\"https:\/\/www.adaiajoyeria.com\/wp-content\/uploads\/2023\/10\/ADSR.png\" class=\"attachment-full size-full wp-image-2202\" alt=\"\" srcset=\"https:\/\/www.adaiajoyeria.com\/wp-content\/uploads\/2023\/10\/ADSR.png 960w, https:\/\/www.adaiajoyeria.com\/wp-content\/uploads\/2023\/10\/ADSR-300x300.png 300w, https:\/\/www.adaiajoyeria.com\/wp-content\/uploads\/2023\/10\/ADSR-150x150.png 150w, https:\/\/www.adaiajoyeria.com\/wp-content\/uploads\/2023\/10\/ADSR-768x768.png 768w, https:\/\/www.adaiajoyeria.com\/wp-content\/uploads\/2023\/10\/ADSR-600x600.png 600w, https:\/\/www.adaiajoyeria.com\/wp-content\/uploads\/2023\/10\/ADSR-100x100.png 100w\" sizes=\"(max-width: 960px) 100vw, 960px\" \/>\t\t\t\t\t\t\t\t\t\t\t\t\t\t\t<\/div>\n\t\t\t\t<\/div>\n\t\t\t\t\t<\/div>\n\t\t<\/div>\n\t\t\t\t\t\t\t<\/div>\n\t\t<\/section>\n\t\t\t\t<section class=\"elementor-section elementor-inner-section elementor-element elementor-element-585e233 elementor-section-boxed elementor-section-height-default elementor-section-height-default\" data-id=\"585e233\" data-element_type=\"section\">\n\t\t\t\t\t\t<div class=\"elementor-container elementor-column-gap-default\">\n\t\t\t\t\t<div class=\"elementor-column elementor-col-33 elementor-inner-column elementor-element elementor-element-84e4677\" data-id=\"84e4677\" data-element_type=\"column\">\n\t\t\t<div class=\"elementor-widget-wrap elementor-element-populated\">\n\t\t\t\t\t\t\t\t<div class=\"elementor-element elementor-element-95d1c09 elementor-widget elementor-widget-eael-creative-button\" data-id=\"95d1c09\" data-element_type=\"widget\" data-widget_type=\"eael-creative-button.default\">\n\t\t\t\t<div class=\"elementor-widget-container\">\n\t\t\t        <div class=\"eael-creative-button-wrapper\">\n\n            <a class=\"eael-creative-button eael-creative-button--wayra\" href=\"tel:+51945129158\" data-text=\"\">\n\n\t    \n                <div class=\"creative-button-inner\">\n\n                                            <span class=\"eael-creative-button-icon-left\"><i aria-hidden=\"true\" class=\"fas fa-phone-volume\"><\/i><\/span>                    \n                    <span class=\"cretive-button-text\">LLAMAR: 945 129 158<\/span>\n\n                                    <\/div>\n\t                        <\/a>\n        <\/div>\n\t\t<\/div>\n\t\t\t\t<\/div>\n\t\t\t\t\t<\/div>\n\t\t<\/div>\n\t\t\t\t<div class=\"elementor-column elementor-col-33 elementor-inner-column elementor-element elementor-element-bcbf4d5\" data-id=\"bcbf4d5\" data-element_type=\"column\">\n\t\t\t<div class=\"elementor-widget-wrap elementor-element-populated\">\n\t\t\t\t\t\t\t\t<div class=\"elementor-element elementor-element-33c4ec3 elementor-widget elementor-widget-eael-creative-button\" data-id=\"33c4ec3\" data-element_type=\"widget\" data-widget_type=\"eael-creative-button.default\">\n\t\t\t\t<div class=\"elementor-widget-container\">\n\t\t\t        <div class=\"eael-creative-button-wrapper\">\n\n            <a class=\"eael-creative-button eael-creative-button--wayra\" href=\"tel:+51902433435\" data-text=\"\">\n\n\t    \n                <div class=\"creative-button-inner\">\n\n                                            <span class=\"eael-creative-button-icon-left\"><i aria-hidden=\"true\" class=\"fas fa-mobile-alt\"><\/i><\/span>                    \n                    <span class=\"cretive-button-text\">VENTAS: 902 433 435<\/span>\n\n                                    <\/div>\n\t                        <\/a>\n        <\/div>\n\t\t<\/div>\n\t\t\t\t<\/div>\n\t\t\t\t\t<\/div>\n\t\t<\/div>\n\t\t\t\t<div class=\"elementor-column elementor-col-33 elementor-inner-column elementor-element elementor-element-1b6ae68\" data-id=\"1b6ae68\" data-element_type=\"column\">\n\t\t\t<div class=\"elementor-widget-wrap elementor-element-populated\">\n\t\t\t\t\t\t\t\t<div class=\"elementor-element elementor-element-a14b4d3 elementor-widget elementor-widget-image\" data-id=\"a14b4d3\" data-element_type=\"widget\" data-widget_type=\"image.default\">\n\t\t\t\t<div class=\"elementor-widget-container\">\n\t\t\t\t\t\t\t\t\t\t\t\t\t\t\t<img loading=\"lazy\" decoding=\"async\" width=\"437\" height=\"55\" src=\"https:\/\/www.adaiajoyeria.com\/wp-content\/uploads\/2020\/09\/visa-e1697479530789.jpg\" class=\"attachment-large size-large wp-image-2184\" alt=\"\" srcset=\"https:\/\/www.adaiajoyeria.com\/wp-content\/uploads\/2020\/09\/visa-e1697479530789.jpg 437w, https:\/\/www.adaiajoyeria.com\/wp-content\/uploads\/2020\/09\/visa-e1697479530789-300x38.jpg 300w\" sizes=\"(max-width: 437px) 100vw, 437px\" \/>\t\t\t\t\t\t\t\t\t\t\t\t\t\t\t<\/div>\n\t\t\t\t<\/div>\n\t\t\t\t\t<\/div>\n\t\t<\/div>\n\t\t\t\t\t\t\t<\/div>\n\t\t<\/section>\n\t\t\t\t\t<\/div>\n\t\t<\/div>\n\t\t\t\t\t\t\t<\/div>\n\t\t<\/section>\n\t\t\t\t\t\t\t<\/div>\n\t\t","protected":false},"excerpt":{"rendered":"<p>\u00a0 Para realizar y confirmar tu compra a trav\u00e9s de nuestra tienda online, debe enviarnos un email a ventas@adaiajoyeria.com.pe o escribirnos al whatsapp\u00a0+51 902 433 435\u00a0 \u00a0indicando los siguientes datos:\u00a0 Nombre Direcci\u00f3n Tel\u00e9fonos Detalles de Pedido Una vez enviados estos datos comunicarse a cualquiera de los siguientes tel\u00e9fonos: Telf.:\u00a0 902 433 435 \/\u00a0945 129 158 &hellip;<\/p>\n<p class=\"read-more\"> <a class=\"\" href=\"https:\/\/www.adaiajoyeria.com\/?page_id=2\"> <span class=\"screen-reader-text\">Formas de Pago<\/span> Leer m\u00e1s &raquo;<\/a><\/p>\n","protected":false},"author":1,"featured_media":0,"parent":0,"menu_order":0,"comment_status":"closed","ping_status":"open","template":"","meta":{"site-sidebar-layout":"default","site-content-layout":"default","ast-site-content-layout":"","site-content-style":"default","site-sidebar-style":"default","ast-global-header-display":"","ast-banner-title-visibility":"","ast-main-header-display":"","ast-hfb-above-header-display":"","ast-hfb-below-header-display":"","ast-hfb-mobile-header-display":"","site-post-title":"","ast-breadcrumbs-content":"","ast-featured-img":"","footer-sml-layout":"","theme-transparent-header-meta":"default","adv-header-id-meta":"","stick-header-meta":"","header-above-stick-meta":"","header-main-stick-meta":"","header-below-stick-meta":"","astra-migrate-meta-layouts":"","footnotes":""},"class_list":["post-2","page","type-page","status-publish","hentry"],"_links":{"self":[{"href":"https:\/\/www.adaiajoyeria.com\/index.php?rest_route=\/wp\/v2\/pages\/2"}],"collection":[{"href":"https:\/\/www.adaiajoyeria.com\/index.php?rest_route=\/wp\/v2\/pages"}],"about":[{"href":"https:\/\/www.adaiajoyeria.com\/index.php?rest_route=\/wp\/v2\/types\/page"}],"author":[{"embeddable":true,"href":"https:\/\/www.adaiajoyeria.com\/index.php?rest_route=\/wp\/v2\/users\/1"}],"replies":[{"embeddable":true,"href":"https:\/\/www.adaiajoyeria.com\/index.php?rest_route=%2Fwp%2Fv2%2Fcomments&post=2"}],"version-history":[{"count":116,"href":"https:\/\/www.adaiajoyeria.com\/index.php?rest_route=\/wp\/v2\/pages\/2\/revisions"}],"predecessor-version":[{"id":2224,"href":"https:\/\/www.adaiajoyeria.com\/index.php?rest_route=\/wp\/v2\/pages\/2\/revisions\/2224"}],"wp:attachment":[{"href":"https:\/\/www.adaiajoyeria.com\/index.php?rest_route=%2Fwp%2Fv2%2Fmedia&parent=2"}],"curies":[{"name":"wp","href":"https:\/\/api.w.org\/{rel}","templated":true}]}}